{"id":307,"date":"2025-09-02T10:23:05","date_gmt":"2025-09-02T10:23:05","guid":{"rendered":"https:\/\/pbm-center.local\/?page_id=307"},"modified":"2025-10-24T08:45:10","modified_gmt":"2025-10-24T08:45:10","slug":"nos-centres","status":"publish","type":"page","link":"https:\/\/pbm-center.ch\/fr\/nos-centres\/","title":{"rendered":"Nos centres"},"content":{"rendered":"","protected":false},"excerpt":{"rendered":"","protected":false},"author":1,"featured_media":0,"parent":0,"menu_order":0,"comment_status":"closed","ping_status":"closed","template":"","meta":{"_acf_changed":false,"_seopress_robots_primary_cat":"","_seopress_titles_title":"Centres PBM : Rendez-vous M\u00e9dical \u00e0 Gen\u00e8ve et Montreux","_seopress_titles_desc":"Trouvez votre centre m\u00e9dical en Suisse : Gen\u00e8ve ou Montreux. Services disponibles du lundi au vendredi, rendez-vous faciles. Contactez-nous !","_seopress_robots_index":"","footnotes":""},"class_list":["post-307","page","type-page","status-publish","hentry"],"acf":[],"_links":{"self":[{"href":"https:\/\/pbm-center.ch\/fr\/wp-json\/wp\/v2\/pages\/307","targetHints":{"allow":["GET"]}}],"collection":[{"href":"https:\/\/pbm-center.ch\/fr\/wp-json\/wp\/v2\/pages"}],"about":[{"href":"https:\/\/pbm-center.ch\/fr\/wp-json\/wp\/v2\/types\/page"}],"author":[{"embeddable":true,"href":"https:\/\/pbm-center.ch\/fr\/wp-json\/wp\/v2\/users\/1"}],"replies":[{"embeddable":true,"href":"https:\/\/pbm-center.ch\/fr\/wp-json\/wp\/v2\/comments?post=307"}],"version-history":[{"count":3,"href":"https:\/\/pbm-center.ch\/fr\/wp-json\/wp\/v2\/pages\/307\/revisions"}],"predecessor-version":[{"id":1095,"href":"https:\/\/pbm-center.ch\/fr\/wp-json\/wp\/v2\/pages\/307\/revisions\/1095"}],"wp:attachment":[{"href":"https:\/\/pbm-center.ch\/fr\/wp-json\/wp\/v2\/media?parent=307"}],"curies":[{"name":"wp","href":"https:\/\/api.w.org\/{rel}","templated":true}]}}