{"id":254,"date":"2025-09-02T06:59:43","date_gmt":"2025-09-02T06:59:43","guid":{"rendered":"https:\/\/pbm-center.local\/?page_id=254"},"modified":"2025-09-18T13:24:13","modified_gmt":"2025-09-18T13:24:13","slug":"a-propos","status":"publish","type":"page","link":"https:\/\/pbm-center.ch\/fr\/a-propos\/","title":{"rendered":"\u00c0 propos"},"content":{"rendered":"","protected":false},"excerpt":{"rendered":"","protected":false},"author":1,"featured_media":0,"parent":0,"menu_order":0,"comment_status":"closed","ping_status":"closed","template":"","meta":{"_acf_changed":false,"_seopress_robots_primary_cat":"","_seopress_titles_title":"D\u00e9couvrez la photobiomodulation en Suisse romande","_seopress_titles_desc":"Transformez votre sant\u00e9 avec la photobiomodulation au PBM Center, fond\u00e9 par le Dr. Breuneval. Soins innovants, r\u00e9sultats garantis.","_seopress_robots_index":"","footnotes":""},"class_list":["post-254","page","type-page","status-publish","hentry"],"acf":[],"_links":{"self":[{"href":"https:\/\/pbm-center.ch\/fr\/wp-json\/wp\/v2\/pages\/254","targetHints":{"allow":["GET"]}}],"collection":[{"href":"https:\/\/pbm-center.ch\/fr\/wp-json\/wp\/v2\/pages"}],"about":[{"href":"https:\/\/pbm-center.ch\/fr\/wp-json\/wp\/v2\/types\/page"}],"author":[{"embeddable":true,"href":"https:\/\/pbm-center.ch\/fr\/wp-json\/wp\/v2\/users\/1"}],"replies":[{"embeddable":true,"href":"https:\/\/pbm-center.ch\/fr\/wp-json\/wp\/v2\/comments?post=254"}],"version-history":[{"count":2,"href":"https:\/\/pbm-center.ch\/fr\/wp-json\/wp\/v2\/pages\/254\/revisions"}],"predecessor-version":[{"id":869,"href":"https:\/\/pbm-center.ch\/fr\/wp-json\/wp\/v2\/pages\/254\/revisions\/869"}],"wp:attachment":[{"href":"https:\/\/pbm-center.ch\/fr\/wp-json\/wp\/v2\/media?parent=254"}],"curies":[{"name":"wp","href":"https:\/\/api.w.org\/{rel}","templated":true}]}}